{"id":50,"date":"2024-05-13T10:27:59","date_gmt":"2024-05-13T08:27:59","guid":{"rendered":"https:\/\/sttellla.be\/?page_id=50"},"modified":"2024-12-10T12:27:30","modified_gmt":"2024-12-10T11:27:30","slug":"a-propos","status":"publish","type":"page","link":"https:\/\/sttellla.be\/fr\/a-propos\/","title":{"rendered":"Bio"},"content":{"rendered":"\n<figure class=\"wp-block-image size-full is-resized\"><img loading=\"lazy\" decoding=\"async\" width=\"512\" height=\"148\" src=\"https:\/\/sttellla.be\/wp-content\/uploads\/2024\/12\/sttellla_photomaton.jpg\" alt=\"\" class=\"wp-image-377\" style=\"width:730px;height:auto\" srcset=\"https:\/\/sttellla.be\/wp-content\/uploads\/2024\/12\/sttellla_photomaton.jpg 512w, https:\/\/sttellla.be\/wp-content\/uploads\/2024\/12\/sttellla_photomaton-300x87.jpg 300w\" sizes=\"auto, (max-width: 512px) 100vw, 512px\" \/><\/figure>\n\n\n\n<p>L\u2019histoire de <strong>STTELLLA<\/strong> d\u00e9bute en 1975 \u00e0 l\u2019institut Berkendael, une \u00e9cole bruxelloise aux<br>\u00e9l\u00e8ves fanfarons, qui organise les Transmondialmusic\u2026 <strong>Jean-Luc Fonck<\/strong>, n\u00e9 \u00e0 Alrlon le 9<br>mars 1957, ne sait jouer d\u2019aucun instrument mais ne rate aucune occasion de s\u2019amuser\u2026<br>Il participe au concours avec un groupe de copains et sa compagne Mimi Crofim.<br>Personne, ou presque, n\u2019\u00e9tait dans ce local de g\u00e9ographie mais aujourd\u2019hui tout le monde<br>aurait bien voulu\u2026<\/p>\n\n\n\n<p>Surpris de se sentir aussi \u00e0 l\u2019aise sur les planches, Jean-Luc d\u00e9cide de poursuivre<br>l\u2019aventure en multipliant les prestations avec son groupe nomm\u00e9 <strong>STTELLLA<\/strong>. Pourquoi<br><strong>STTELLLA<\/strong>? \u2018Parce que la bi\u00e8re\u2019\u00a0; il \u00e9tait d\u2019ailleurs question d\u2019ajouter un T et un L apr\u00e8s<br>chaque nouvelle repr\u00e9sentation. Id\u00e9e heureusement vite abandonn\u00e9e.<br>Apr\u00e8s avoir \u00e9cum\u00e9 les arri\u00e8re-salles de caf\u00e9, les maisons de jeunes, les f\u00eates de quartiers,<br>Sttellla sort un premier 45 tours auto produit : <strong>Jane te crois plus \/ WC 55<\/strong>, un collector<br>rare.<\/p>\n\n\n\n<p><strong>Pouet-Pouette<\/strong>, un 33 tours de dix-neuf titres, sort en 78. STTELLLA impose d\u2019embl\u00e9e son<br>style empreint de jeux de mots et d\u2019arrangements minimalistes. Sans pr\u00e9tention et san<br>comparaison les critiques de l\u2019\u00e9poque citent souvent comme r\u00e9f\u00e9rence <strong>Boby Lapointe<\/strong>.<br>Par ailleurs et pour remplir leur frigidaire, le duo Jean-Luc et Mimi travaillent en tant<br>fonctionnaires&nbsp;; ce qui leur permet de lib\u00e9rer du temps pour leur projet en cumulant des<br>cong\u00e9s sans soldes.<\/p>\n\n\n\n<p>Sur <strong>Fuite au prochain lavabo<\/strong>, le deuxi\u00e8me effort discographique de Sttellla sorti 1985<br>toujours en auto production&nbsp;; on trouve notamment&nbsp;<strong>Le p\u00e8re No\u00ebl, Non!Non!Jean-<br>Fran\u00e7ois&nbsp;<\/strong>et le pr\u00e9monitoire <strong>Lady Di va faire dodo<\/strong>. C\u2019est arm\u00e9 de leur synth\u00e9tiseur Casio<br>que le duo s\u2019en va jouer en Belgique mais aussi \u00e0 l\u2019\u00e9tranger : la France d\u2019abord, le Qu\u00e9bec<br>et la Suisse ensuite.<\/p>\n\n\n\n<p>Lors d\u2019un after show chaud \u00e0 Montr\u00e9al en 88, ils rencontrent le parisien <strong>Fran\u00e7ois Hadji-<br>Lazaro<\/strong> <strong>des Gar\u00e7ons Bouchers<\/strong> et signent sur son label ind\u00e9pendant <strong>Boucherie Productions<br><\/strong>qui publiera un an plus tard STTELLLA une compilation r\u00e9unissant des titres des premiers<br>opus et de <strong>Les poissons s\u2019en fishent et les pieds s\u2019en footent<\/strong>.<\/p>\n\n\n\n<p>Les tourn\u00e9es s\u2019encha\u00eenent, des clips sont produits, et arrive en 1990 l\u2019album\u00a0<strong>L\u2019avenir est \u00e0<br>ceux qui s\u2019\u00e9l\u00e9phanteau<\/strong>. Des calembours irr\u00e9sistibles se fondent sur des m\u00e9lodies<br>minimalistes truff\u00e9es de bo\u00eetes \u00e0 rythmes, de sonorit\u00e9s \u2018cheap\u2019 et des choeurs des <strong>bidous-<br>bidets<\/strong> qui sont \u00e0 STTELLLA ce que les Clodettes furent \u00e0 Claude Fran\u00e7ois. En France, des<br>monuments comme \u00ab\u00a0Best\u00a0\u00bb, \u00ab\u00a0Oxygen\u00a0\u00bb ou \u00ab\u00a0Rock &amp; Folk\u00a0\u00bb chroniquent l\u2019album de<br>mani\u00e8re dithyrambiques.<\/p>\n\n\n\n<p>Suivent alors deux ann\u00e9es durant lesquelles le duo parcourt les routes dans une petite<br>auto. Au hasard de leurs p\u00e9r\u00e9grinations sc\u00e9niques, ils sont rejoints par <strong>Noir D\u00e9sir<\/strong> en fin<br>de concert m\u00e9morable \u00e0 Bordeaux, par <strong>Sara Mandiano<\/strong> qui chante avec eux \u00ab\u00a0j\u2019ai des<br>doutes\u00a0\u00bb \u00e0 Montr\u00e9al, ou encore par le fid\u00e8le <strong>Fran\u00e7ois Hadji-Lazaro<\/strong> qui joue de la<br>cornemuse avec eux \u00e0 Bruxelles.<\/p>\n\n\n\n<p>Sans prendre le temps de se reposer, Jean-Luc s\u2019attaque au du nouvel album. A d\u00e9faut de<br>vacances, il \u00e9crit <strong>Torremolinos<\/strong>, cette ville o\u00f9 il y a plus de Belges que d\u2019Espagnols\u2026 C\u2019est<br>le tube\u00a0! Le carton! Les radios le matraquent, les t\u00e9l\u00e9s les invitent et les charters font le<br>plein pour la Costa Del Sol. On signalera que cette chanson, ne comporte pas l\u2019ombre d\u2019un<br>calembour ni le moindre jeu de mots\u00a0!<\/p>\n\n\n\n<p>Le tube para\u00eet en 92 et sert de locomotive \u00e0 l\u2019album <strong>Manneken pis not war\/Faisez la<br>mouche pas la gu\u00eape<\/strong>, qui sera certifi\u00e9 disque d\u2019or en Belgique. La tourn\u00e9e o\u00f9 d\u00e9sormais<br>le duo s\u2019accompagne d\u2019un groupe, attire les foules. Un triomphe qui s\u2019exportera une fois<br>de plus en France, en Suisse et au Qu\u00e9bec avant de revenir pour un dernier concert en<br>forme d\u2019apoth\u00e9ose aux <strong>Halles de Schaerbeek<\/strong>.<\/p>\n\n\n\n<p>Apr\u00e8s une compilation <strong>Le meilleur du best of des plus grands greatest hits de Sttellla<\/strong> en<br>93, Jean-Luc se retire pour quelques semaines dans les Ardennes belges pour se reposer.<br>D\u00e9sormais sans Mimi, il s\u2019attaque \u00e0 son nouvel opus qui sera produit par <strong>Christian Martin<\/strong><br>avec lequel une longue et fid\u00e8le collaboration d\u00e9marre.<\/p>\n\n\n\n<p>En septembre 1995 sort\u00a0<strong>The dark side of the moule<\/strong> (non il ne s\u2019agit pas d\u2019un hommage \u00e0<br>Pink Floyd\u00a0!). Ren\u00e9, Papa Fonck, crie \u2018Salope\u2019\u00a0sur <strong>Robert et Cathy<\/strong>. Lucienne, Maman<br>Fonck, chante, <strong>Gernaine<\/strong>, paroxysme de la mignonitude. Elle volera d\u2019ailleurs la vedette \u00e0<br>son fiston lors de plusieurs concerts de la tourn\u00e9e qui va suivre. De nombreux ami.e.s<br>sont aussi venus pr\u00eater main forte\u00a0: Mimi chante sur plusieurs titres. Beno\u00eet Poelvoorde,<br>Eric \u00ab\u00a0Priba 2000\u00a0\u00bb, Perry Rose, Jeff Bodart, les Bidous-Bidets et tous les lambdas autour<br>de Jean-Luc \u00e0 l\u2019\u00e9poque.<\/p>\n\n\n\n<p>Apr\u00e8s une quelques dates en Suisse, 20 dates \u00e0 Paris, la tourn\u00e9e va jouer les<br>prolongations. En deux ans, Jean-Luc aura fait crier \u00ab\u00a0salope\u00a0\u00bb ou \u00ab\u00a0connard\u00a0\u00bb \u00e0 plus de<br>120.000 personnes rien qu\u2019en Belgique. Pour elles, et pour les autres, le t\u00e9moignage<br>live\u00a0<strong>Huy Chimay, Sete Maredsous, Troyes Caen Paris Orange<\/strong>. <strong>Quelle belle tourn\u00e9e<\/strong>\u00a0est<br>paru en 97.<\/p>\n\n\n\n<p>C\u2019est aussi en 1997 que Jean-Luc rejoint la joyeuse \u00e9quipe de son ami <strong>Jacques Mercier<\/strong><br>dans <strong>le jeu des dictionnaires et la semaine infernale<\/strong>, \u00e9mission radio quotidienne o\u00f9 il<br>nous d\u00e9livre des d\u00e9finitions de mots surr\u00e9alistes, souvent illustr\u00e9es par des petits contes<br>truff\u00e9s de jeux de mots hilarants.<\/p>\n\n\n\n<p>En 98 il d\u00e9terre la hache de guerre \u00e0 la morosit\u00e9 en sortant l\u2019album <strong>Il faut tourner<br>l\u2019Apache<\/strong>. Avec les tubes <strong>Ann\u00e9es 80<\/strong>\u00a0et <strong>De James Bourg \u00e0 Gainsbond<\/strong> il est rapidement<br>disque d\u2019or lui aussi\u2026<\/p>\n\n\n\n<p><strong>La Tourn\u00e9e l\u2019Apache<\/strong> qui suit s\u00e8me la joie et la bonne humeur partout et m\u00eame jusqu\u2019aux<br>Etats Unis ! En t\u00e9moigne le documentaire <strong>Sttellla en Am\u00e9rique<\/strong> r\u00e9alis\u00e9e par <strong>Didier<br>Verbeek<\/strong>\u00a0o\u00f9 les am\u00e9ricains farandolent joyeusement sans bien comprendre si c\u2019est du lard<br>ou du cochon\u2026<\/p>\n\n\n\n<p>Suit, <strong>La Bla Bla Boum<\/strong>, le premier album de <strong>Bla-Bla<\/strong> (marionnette pour enfants de la<br>t\u00e9l\u00e9vision belge) avec notre Jean-Luc \u00e0 la composition\u00a0et Bernard Halut aux paroles. C\u2019est<br>un succ\u00e8s puisque le disque se couvre d\u2019or en \u00e0 peine trois mois. L\u2019ann\u00e9e suivante, la<br>m\u00eame \u00e9quipe sortira un deuxi\u00e8me opus\u00a0: <strong>Je veux \u00eatre un lardon<\/strong>.<\/p>\n\n\n\n<p>En 2000, notre grand Gourou participe plus qu\u2019activement, et pour 3 saisons, aux<br>\u00e9missions t\u00e9l\u00e9vis\u00e9es hebdomadaires \u00e0 succ\u00e8s\u00a0<strong>les @llum\u00e9s.be<\/strong>\u00a0de la RTBF. Avec <strong>Christian<br>et Claude Martin<\/strong>, les <strong>Doubles Slaches<\/strong>, ils forment un Boys Band d\u00e9cal\u00e9 et interpr\u00e8tent<br>toutes les semaines une nouvelle chanson sp\u00e9cialement compos\u00e9e par Jean-Luc. En d\u00e9but<br>et en fin d\u2019\u00e9mission il propose les d\u00e9lirants \u00a0<strong>Mets ta ceinture\u00a0!<\/strong> o\u00f9 apparaissent les<br>toujours fantastiques fr\u00e8res Martin*.<\/p>\n\n\n\n<p>En 2001 sort <strong>Un Homme Avec Un Grand H Au Pays Des Prises De T\u00eate<\/strong>. Pour la tourn\u00e9e<br>qui le suit, Jean-Luc et Christian pr\u00e9sentent \u00a0Le <strong>Compl\u00e8tement J-T<\/strong>, <strong>Le Journal Des Saouls<br>Et Des Malentendus<\/strong>, un film d\u00e9jant\u00e9 d\u2019une vingtaine de minutes, chaque fois diff\u00e9rent,<br>tourn\u00e9 et mont\u00e9 le jour et \u00e0 l\u2019endroit du concert. Le public en raffole\u00a0!<\/p>\n\n\n\n<p>En 2002 sort le troisi\u00e8me album de <strong>Bla Bla<\/strong>, l\u2019excellent <strong>Les Zozos<\/strong> suivant la m\u00eame formule.<br>Jean-Luc collabore aussi avec l\u2019hebdomadaire <strong>T\u00e9l\u00e9moustique<\/strong>\u00a0pour lequel il \u00e9crit une<br>rubrique poilante\u00a0: <strong>Mon Beau Zapping<\/strong><\/p>\n\n\n\n<p>En 2003, l\u2019infatigable poursuit sa cr\u00e9ation litt\u00e9raire\u2026 En plus de tout le reste, il propose<br>sous la forme d\u2019un feuilleton dans le quotidien <strong>La Derni\u00e8re Heure<\/strong>, sa premi\u00e8re Nouvelle,<br>furieusement surr\u00e9aliste\u00a0: <strong>Il ne pleut jamais dans les aquariums<\/strong>. En fin d\u2019ann\u00e9e il publie<br><strong>Histoires \u00e0 d\u00e9lire debout<\/strong> chez Casterman dans la collection \u00a0<strong>C\u2019est pour Offrir<\/strong> dirig\u00e9e par<br><strong>Philippe Geluck<\/strong>.<\/p>\n\n\n\n<p>Un double CD\/DVD intitul\u00e9, nomm\u00e9 \u00e0 juste titre, <strong>Double<\/strong> est \u00e9galement sorti cette ann\u00e9e-<br>l\u00e0, avec en audio un best of des chansons, et en vid\u00e9o, toutes sortes de b\u00eatises, des <strong>Mets<br>Ta Ceinture<\/strong>\u00a0aux clips en passant par les <strong>Non pas eux<\/strong>, capsules d\u00e9lirantes expliquant les<br>r\u00e8gles du football.<\/p>\n\n\n\n<p>2004 voit la sortie du deuxi\u00e8me recueil de nouvelles <strong>Nouvelles histoires \u00e0 d\u00e9lire debout<\/strong>.<br>C\u2019est aussi l\u2019ann\u00e9e de sortie du quatri\u00e8me album de <strong>Bla-Bla<\/strong> , un best of des meilleurs<br>morceaux de la marionnette. C\u2019est en fin d\u2019ann\u00e9e que l\u2019\u00e9mission culte <strong>La T\u00e9l\u00e9 infernale<\/strong><br>voit le jour\u00a0; difficile d\u2019oublier les sketches propos\u00e9s par Jean-Luc\u00a0: <strong>les visites infernales<\/strong><br>ou les <strong>Pastiches de l\u2019inspecteur Derrick<\/strong>.<\/p>\n\n\n\n<p>Changement de cap en 2005, Jean-Luc \u00e9crit une pi\u00e8ce de th\u00e9\u00e2tre mise en sc\u00e8ne par<br><strong>Laurence Bibot<\/strong>. <strong>Noooon pas eux !<\/strong> sera jou\u00e9e avec ses acolytes Christian et Claude Martin<br>pour 25 repr\u00e9sentations \u00e0 guichets ferm\u00e9s au <strong>Th\u00e9\u00e2tre de la Toison d\u2019Or<\/strong> \u00e0 Bruxelles.<br>Moli\u00e8re s\u2019est retourn\u00e9 plusieurs fois dans sa tombe\u2026<\/p>\n\n\n\n<p><strong>Prochaine Histoires \u00e0 D\u00e9lire Debout<\/strong>,\u00a0le quatri\u00e8me recueil de nouvelles est \u00e9dit\u00e9 en mai<br>2006 pendant que s\u2019enregistre le meilleur album du monde (en attendant le prochain) <\/p>\n\n\n\n<p><strong>Le plus beau jour de magie<\/strong> \u00a0qui sort en m\u00eame temps que <strong>Sttellla bio de Jean-Luc Fonck<\/strong> \u00a0la<br>biographie \u00e9crite par <strong>Thierry Coljon<\/strong> aux <strong>\u00e9ditions Luc Pire<\/strong> en septembre 2007.<\/p>\n\n\n\n<p>L\u2019album est suivi du <strong>Prestidigitatour<\/strong> qui a fait escale pour plusieurs dates au Qu\u00e9bec\u2026 La<br>plupart de celles et ceux qui y \u00e9taient s\u2019en souviennent\u00a0; c\u2019\u00e9tait magique\u00a0! Le public s\u2019\u00e9tait<br>donn\u00e9 le mot et arrivait aux concerts habill\u00e9 en rose ou en lapins comme les<br>protagonistes sur sc\u00e8ne. Le tour s\u2019est cl\u00f4tur\u00e9 en apoth\u00e9ose pour deux soirs \u00e0 l\u2019AB de<br>Bruxelles ou fut capt\u00e9 le mythique <strong>A.B.ROSE double DVD+ CD live<\/strong> qui restitue \u00e0 merveille<br>l\u2019ambiance de feu qui y r\u00e9gnait ce soir-l\u00e0. C\u00f4t\u00e9 bouquins, Le contrat est sorti en ao\u00fbt 2007.<\/p>\n\n\n\n<p>Nous voici en 2009.\u00a0Emmen\u00e9 par le single le plus cool du monde <strong>Plus cool que le Titanic<\/strong><br>Jean-Luc propose <strong>One man chose<\/strong>, un concept l\u00e9ger puisqu\u2019il se pr\u00e9sente seul sur sc\u00e8ne<br>mais est en interactions r\u00e9guli\u00e8res avec <strong>Dieu Chrisitan Martin<\/strong> qui officie de la table de<br>mixage o\u00f9 il\u2026 mixe, chante et \u2026 philosophe. Les titres sont tir\u00e9s au sort chaque soir.<br>Jusque fin 2010, il y aura eu 72 dates entre la Belgique, Paris et Montr\u00e9al.<\/p>\n\n\n\n<p>Le cinqui\u00e8me recueil de nouvelles, <strong>Histoire allum\u00e9es<\/strong>,\u00a0sort d\u00e9but janvier 2011. C\u2019est \u00e0 ce<br>moment que d\u00e9marre ses participations hebdomadaires \u00e0 la radio. D\u2019une pat sur<br>Vivacit\u00e9\u00a0o\u00f9 il y raconte un <strong>R\u00eave<\/strong>. D\u2019autre part, il fait partie de la joyeuse bande de Bel RTL<br>Com\u00e9die. En parall\u00e8le, il \u00e9crit paroles, musique et sc\u00e9nario d\u2019un spectacle pour enfants\u00a0:<br><strong>F\u00e9e un v\u0153u<\/strong>.\u00a0Une com\u00e9die musicale, qui fera aussi l\u2019objet d\u2019un CD, mise en sc\u00e8ne par<br><strong>Nathalie Uffner<\/strong> et produite par les amis du <strong>TTO<\/strong>.\u00a0Jou\u00e9e jusque fin 2013, c\u2019est encore un<br>succ\u00e8s\u00a0!<\/p>\n\n\n\n<p>D\u00e9but 2012 sort <strong>R\u00eaveveillez-moi<\/strong> son sixi\u00e8me bouquin\u00a0; une compilation de ses r\u00eaves<br>racont\u00e9s \u00e0 la radio.\u00a0En juin, Jean-Luc propose un spectacle qui ne devait avoir lieu qu\u2019une<br>seule fois\u2026 et cela devient \u2018<strong>Jean-Luc Fonck raconte ses r\u00eaves, le spectacle<\/strong>\u2019 un one man<br>show dans lequel il raconte \u00e0 sa mani\u00e8re et en peignoir ses r\u00eaves les plus fous, il est<br>parfois \u00a0Zorro, parfois cheval, parfois vampire\u2026.le spectacle sera jou\u00e9 75 fois jusqu\u2019en<br>2014\u00a0!<\/p>\n\n\n\n<p>Durant tout ce temps, des anecdotes, des rencontres fabuleuses ont eu lieu, on ne peut<br>pas toutes les \u00e9voquer ici\u2026 c\u2019est d\u00e9j\u00e0 bien long comme \u00e7a\u00a0! Mais s\u2019il fallait en \u00e9pingler<br>une\u00a0: <strong>Rednex<\/strong>, connu mondialement pour son tube plan\u00e9taire Cotton eye Joe, on ne sait<br>pas bien comment, a entendu <strong>Gernaine<\/strong> chant\u00e9 avec brio par Lucienne, la maman de Jean-<br>Luc, a d\u00e9cid\u00e9 d\u2019une reprise. Le morceau s\u2019appelle <strong>The end<\/strong>\u2026 Mais non\u00a0!<\/p>\n\n\n\n<p>Allez, une autre\u00a0? \u00a0Il chante : <strong>Plein comme une andouille (Yo du robinet, c\u2019est pour les<br>grenouilles)<\/strong> en duo avec son mentor <strong>le Grand Jojo<\/strong>. Le clip, un bon moment de complicit\u00e9<br>est merveilleux.<\/p>\n\n\n\n<p><strong>R\u00eaveveillez-moi encore<\/strong>, le 7\u00e8me bouquin sort en 2013\u00a0; le 8\u00e8me <strong>Arr\u00eate Arr\u00eate tu<br>maitrank<\/strong> et un 9\u00e8me <strong>Dream\u2026Dream\u2026qui sonne \u00e0 la porte de mon r\u00eave<\/strong> sortent en 2014.<br>Quelle sant\u00e9\u00a0! Quelle production\u00a0! Parce que cette m\u00eame ann\u00e9e marque le grand retour<br>d\u2019un album de STTELLLA, le 13\u00e8me\u00a0: Ounne dosse treize \u2026qui emm\u00e8nera Jean-Luc ses<br>cliques et ses claques sur les routes pour la tourn\u00e9e des 40 ans\u00a0: le Grabatour. L\u2019\u00e9nergie<br>et le d\u00e9lire sont intactes\u00a0! C\u2019est un \u00e9ni\u00e8me carton\u00a0: plus de 100.000 personnes y ont<br>farandol\u00e9s avec, en apoth\u00e9ose, un concert sold out \u00e0 l\u2019AB.<\/p>\n\n\n\n<p>Le bouquin <strong>Les hommes pr\u00e9f\u00e8rent les grottes<\/strong> et l\u2019abum <strong>Regratte-moi dans les yeux<\/strong><br>paraissent en 2016\u2026 <strong>La Tourn\u00e9e Ol\u00e9 Ol\u00e9<\/strong> qui s\u2019ensuit est sans doute une des plus grosses<br>du groupe\u2026elle se termine pour les 60 ans de Jean-Luc le 9 mars 2017 \u00e0 l\u2019AB de Bruxelles<br>devant une salle comble et combl\u00e9e\u2026<\/p>\n\n\n\n<p><strong>Les Carabistouilles<\/strong> est le 15 \u00e8me album en 2018. Il s\u2019agit d\u2019une se\u0301lection de 19 morceaux<br>parmi ceux propos\u00e9s dans le <strong>8\/9 de VivaCite\u0301<\/strong>. Pour l\u2019enregistrement, l\u2019\u00e9quipe de chez<br>Vivacite\u0301 au complet est venue chanter en studio. Une partie des b\u00e9n\u00e9fices fut revers\u00e9e \u00e0<br>l\u2019op\u00e9ration <strong>Viva For Life<\/strong>. Cela fut le point de d\u00e9part d\u2019une bien belle tourn\u00e9e, le<br><strong>Carabistour<\/strong> qui, Covid oblige, jouera les prolongations jusqu\u2019en 2023 avec un passage \u00e0<br>l\u2019AB en juin 2022.<\/p>\n\n\n\n<p><strong>Pas de sens<\/strong>, un EP 5 titres sort en 2022. La pochette peut \u00eatre tourn\u00e9e dans l\u2019autre\u00a0sens\u2026<br>juste une face Haut et\u00a0une face Bas\u2026 Du jamais vu\u00a0!<\/p>\n\n\n\n<p>Depuis 2013, toutes les semaines sur Vivacit\u00e9, Jean-Luc continue de proposer en direct<br>une chanson in\u00e9dite int\u00e9grant quatre mots impos\u00e9s les auditeurs. Pr\u00e8s de 400 chansons<br>ont ainsi vu le jour. Elles feront l\u2019objet d\u2019enregistrements et seront distill\u00e9es sur les<br>plates-formes d\u00e8s janvier 2024 sous l\u2019appellation <strong>Les chansons du 8\/9<\/strong>.<\/p>\n\n\n\n<p><strong>JEAN-LUC FONCK, est \u00e0 la fois auteur, compositeur, interpr\u00e8te pour STTELLLA, auteur de 10<br>romans, auteur d\u2019une pi\u00e8ce de th\u00e9\u00e2tre, chroniqueur radio, dessinateur, concepteur de<br>pub\u2026 bref, amuseur public\u00a0! Appr\u00e9ci\u00e9 d\u2019un public fid\u00e8le qui y retrouve un condens\u00e9 de<br>belgitude.<\/strong><\/p>\n\n\n\n<p><strong>Ovni musical \u00e0 g\u00e9om\u00e9trie variable, STTELLLA s\u2019articule toujours autour de Jean-Luc Fonck,<br>que l\u2019on retrouve seul, en duo, en trio, \u00e0 4, 5, 6\u2026 Le r\u00e9sultat\u00a0? 15 albums studios dont 2<br>disques d\u2019or, 2 albums live et 2 compilations parus \u00e0 ce jour.<\/strong><\/p>\n\n\n\n<p><strong>Parmi un total de pr\u00e8s de 1000\u00a0(1000 \u00a0!) chansons enregistr\u00e9es, il y a le l\u00e9gendaire<br>Torremolinos, qui fait danser depuis 20 ans la Belgique bien s\u00fbr, mais aussi la France, la<br>Suisse, le Qu\u00e9bec et\u2026 les \u00c9tats-Unis !<\/strong><\/p>\n\n\n\n<p><strong>STTELLLA a donn\u00e9 plus de 2000 concerts dans toutes sortes d&rsquo;endroits; de l&rsquo;arri\u00e8re salle<br>des caf\u00e9s \u00e9tudiants des d\u00e9buts aux gros festivals d&rsquo;\u00e9t\u00e9 devant des milliers de spectateurs<br>en d\u00e9lire. Au total, plus d\u2019un million de spectateurs se sont amus\u00e9s; du badaud m\u00e9dus\u00e9 au<br>punk d\u00e9jant\u00e9.<\/strong><\/p>\n\n\n\n<p><strong>Pour r\u00e9sumer, STTELLLA est un concept musical surr\u00e9aliste belge fond\u00e9 par JEAN-LUC<br>FONCK, alliant humour, calembours, jeux de mots et d\u00e9lires, il y a maintenant pr\u00e8s de 50<br>ans. Et ce n&rsquo;est qu&rsquo;un d\u00e9but ! Vivement la suite\u00a0!<\/strong><\/p>\n\n\n\n<p><br><\/p>\n","protected":false},"excerpt":{"rendered":"<p>L\u2019histoire de STTELLLA d\u00e9bute en 1975 \u00e0 l\u2019institut Berkendael, une \u00e9cole bruxelloise aux\u00e9l\u00e8ves fanfarons, qui organise&#8230; <span class=\"moreLink\"><a href=\"https:\/\/sttellla.be\/fr\/a-propos\/\">+<\/a><\/span><\/p>\n","protected":false},"author":1,"featured_media":0,"parent":0,"menu_order":0,"comment_status":"closed","ping_status":"closed","template":"","meta":{"_acf_changed":false,"footnotes":""},"categories":[],"class_list":["post-50","page","type-page","status-publish","hentry"],"acf":[],"_links":{"self":[{"href":"https:\/\/sttellla.be\/fr\/wp-json\/wp\/v2\/pages\/50","targetHints":{"allow":["GET"]}}],"collection":[{"href":"https:\/\/sttellla.be\/fr\/wp-json\/wp\/v2\/pages"}],"about":[{"href":"https:\/\/sttellla.be\/fr\/wp-json\/wp\/v2\/types\/page"}],"author":[{"embeddable":true,"href":"https:\/\/sttellla.be\/fr\/wp-json\/wp\/v2\/users\/1"}],"replies":[{"embeddable":true,"href":"https:\/\/sttellla.be\/fr\/wp-json\/wp\/v2\/comments?post=50"}],"version-history":[{"count":9,"href":"https:\/\/sttellla.be\/fr\/wp-json\/wp\/v2\/pages\/50\/revisions"}],"predecessor-version":[{"id":395,"href":"https:\/\/sttellla.be\/fr\/wp-json\/wp\/v2\/pages\/50\/revisions\/395"}],"wp:attachment":[{"href":"https:\/\/sttellla.be\/fr\/wp-json\/wp\/v2\/media?parent=50"}],"wp:term":[{"taxonomy":"category","embeddable":true,"href":"https:\/\/sttellla.be\/fr\/wp-json\/wp\/v2\/categories?post=50"}],"curies":[{"name":"wp","href":"https:\/\/api.w.org\/{rel}","templated":true}]}}