{"id":48,"date":"2024-05-13T10:27:35","date_gmt":"2024-05-13T08:27:35","guid":{"rendered":"https:\/\/sttellla.be\/?page_id=48"},"modified":"2025-11-25T11:05:14","modified_gmt":"2025-11-25T10:05:14","slug":"essyla","status":"publish","type":"page","link":"https:\/\/sttellla.be\/fr\/","title":{"rendered":"Bienvenue&#8230;"},"content":{"rendered":"<div class=\"wp-block-image\">\n<figure class=\"aligncenter size-large is-resized\"><img loading=\"lazy\" decoding=\"async\" width=\"1024\" height=\"624\" src=\"https:\/\/sttellla.be\/wp-content\/uploads\/2025\/11\/JLF_Catimini-1024x624.jpg\" alt=\"\" class=\"wp-image-429\" style=\"width:651px;height:auto\" srcset=\"https:\/\/sttellla.be\/wp-content\/uploads\/2025\/11\/JLF_Catimini-1024x624.jpg 1024w, https:\/\/sttellla.be\/wp-content\/uploads\/2025\/11\/JLF_Catimini-300x183.jpg 300w, https:\/\/sttellla.be\/wp-content\/uploads\/2025\/11\/JLF_Catimini-768x468.jpg 768w, https:\/\/sttellla.be\/wp-content\/uploads\/2025\/11\/JLF_Catimini.jpg 1033w\" sizes=\"auto, (max-width: 1024px) 100vw, 1024px\" \/><figcaption class=\"wp-element-caption\">\u00ab En catimini \u00bb : le titre surprise de Jean-Luc Fonck et MC*Solaar au profit de Viva for Life !<br>Le single est propos\u00e9 dans un format r\u00e9tro : un CD au design 45 Tours. <a href=\"https:\/\/t4a.com\/shop\/cd\/jean-luc-fonck-et-mcsolaar-en-catimini\/\" target=\"_blank\" rel=\"noreferrer noopener\">LIEN D&rsquo;ACHAT<\/a><\/figcaption><\/figure>\n<\/div>\n\n<div class=\"wp-block-image\">\n<figure class=\"aligncenter size-large\"><a href=\"https:\/\/t4a.com\/shop\/vinyle\/sttellla-duo-pack-vinyle-double-vinyle\/\" target=\"_blank\" rel=\" noreferrer noopener\"><img loading=\"lazy\" decoding=\"async\" width=\"1024\" height=\"352\" src=\"https:\/\/sttellla.be\/wp-content\/uploads\/2024\/12\/vinyles_Sttellla_duo-1024x352.jpg\" alt=\"Duo Pack\" class=\"wp-image-379\" srcset=\"https:\/\/sttellla.be\/wp-content\/uploads\/2024\/12\/vinyles_Sttellla_duo-1024x352.jpg 1024w, https:\/\/sttellla.be\/wp-content\/uploads\/2024\/12\/vinyles_Sttellla_duo-300x103.jpg 300w, https:\/\/sttellla.be\/wp-content\/uploads\/2024\/12\/vinyles_Sttellla_duo-768x264.jpg 768w, https:\/\/sttellla.be\/wp-content\/uploads\/2024\/12\/vinyles_Sttellla_duo.jpg 1200w\" sizes=\"auto, (max-width: 1024px) 100vw, 1024px\" \/><\/a><\/figure>\n<\/div>\n\n\n<p class=\"has-text-align-center\"><strong>R\u00e9-\u00e9ditions limit\u00e9es en vinyle des albums certifi\u00e9s disques d\u2019Or :&nbsp;<\/strong><\/p>\n\n\n\n<p class=\"has-text-align-center\">\u2013&nbsp;&nbsp;&nbsp;&nbsp;&nbsp;&nbsp;&nbsp;<a href=\"https:\/\/t4a.com\/shop\/vinyle\/sttellla-manneken-pis-not-war-faisez-la-mouche-pas-la-guepe-vinyle\/\" target=\"_blank\" rel=\"noreferrer noopener\"><strong>Manneken pis not war, faisez la mouche pas la gu\u00eape&nbsp;<\/strong><\/a><\/p>\n\n\n\n<p class=\"has-text-align-center\">\u2013&nbsp;&nbsp;&nbsp;&nbsp;&nbsp;&nbsp;&nbsp;<a href=\"https:\/\/t4a.com\/shop\/vinyle\/sttellla-il-faut-tourner-lapache-double-vinyle\/\" target=\"_blank\" rel=\"noreferrer noopener\"><strong>Il faut tourner l\u2019apache&nbsp;<\/strong><\/a><\/p>\n\n\n\n<h2 class=\"wp-block-heading\"><a href=\"https:\/\/sttellla.be\/concerts\/\" data-type=\"link\" data-id=\"https:\/\/sttellla.be\/concerts\/\">Concerts<\/a><\/h2>\n\n\n\n<p><\/p>\n","protected":false},"excerpt":{"rendered":"<p>R\u00e9-\u00e9ditions limit\u00e9es en vinyle des albums certifi\u00e9s disques d\u2019Or :&nbsp; \u2013&nbsp;&nbsp;&nbsp;&nbsp;&nbsp;&nbsp;&nbsp;Manneken pis not war, faisez la&#8230; <span class=\"moreLink\"><a href=\"https:\/\/sttellla.be\/fr\/\">+<\/a><\/span><\/p>\n","protected":false},"author":1,"featured_media":199,"parent":0,"menu_order":0,"comment_status":"closed","ping_status":"closed","template":"page-home.php","meta":{"_acf_changed":false,"footnotes":""},"categories":[],"class_list":["post-48","page","type-page","status-publish","has-post-thumbnail","hentry"],"acf":[],"_links":{"self":[{"href":"https:\/\/sttellla.be\/fr\/wp-json\/wp\/v2\/pages\/48","targetHints":{"allow":["GET"]}}],"collection":[{"href":"https:\/\/sttellla.be\/fr\/wp-json\/wp\/v2\/pages"}],"about":[{"href":"https:\/\/sttellla.be\/fr\/wp-json\/wp\/v2\/types\/page"}],"author":[{"embeddable":true,"href":"https:\/\/sttellla.be\/fr\/wp-json\/wp\/v2\/users\/1"}],"replies":[{"embeddable":true,"href":"https:\/\/sttellla.be\/fr\/wp-json\/wp\/v2\/comments?post=48"}],"version-history":[{"count":14,"href":"https:\/\/sttellla.be\/fr\/wp-json\/wp\/v2\/pages\/48\/revisions"}],"predecessor-version":[{"id":432,"href":"https:\/\/sttellla.be\/fr\/wp-json\/wp\/v2\/pages\/48\/revisions\/432"}],"wp:featuredmedia":[{"embeddable":true,"href":"https:\/\/sttellla.be\/fr\/wp-json\/wp\/v2\/media\/199"}],"wp:attachment":[{"href":"https:\/\/sttellla.be\/fr\/wp-json\/wp\/v2\/media?parent=48"}],"wp:term":[{"taxonomy":"category","embeddable":true,"href":"https:\/\/sttellla.be\/fr\/wp-json\/wp\/v2\/categories?post=48"}],"curies":[{"name":"wp","href":"https:\/\/api.w.org\/{rel}","templated":true}]}}