{"id":399,"date":"2025-09-16T11:29:57","date_gmt":"2025-09-16T09:29:57","guid":{"rendered":"https:\/\/sttellla.be\/?page_id=399"},"modified":"2026-05-15T12:19:09","modified_gmt":"2026-05-15T10:19:09","slug":"concerts","status":"publish","type":"page","link":"https:\/\/sttellla.be\/fr\/concerts\/","title":{"rendered":"Concerts"},"content":{"rendered":"\n<figure class=\"wp-block-image size-large\"><img loading=\"lazy\" decoding=\"async\" width=\"1024\" height=\"282\" src=\"https:\/\/sttellla.be\/wp-content\/uploads\/2025\/09\/tournee_50_ans_banner-1-1024x282.jpg\" alt=\"\" class=\"wp-image-401\" srcset=\"https:\/\/sttellla.be\/wp-content\/uploads\/2025\/09\/tournee_50_ans_banner-1-1024x282.jpg 1024w, https:\/\/sttellla.be\/wp-content\/uploads\/2025\/09\/tournee_50_ans_banner-1-300x83.jpg 300w, https:\/\/sttellla.be\/wp-content\/uploads\/2025\/09\/tournee_50_ans_banner-1-768x211.jpg 768w, https:\/\/sttellla.be\/wp-content\/uploads\/2025\/09\/tournee_50_ans_banner-1.jpg 1080w\" sizes=\"auto, (max-width: 1024px) 100vw, 1024px\" \/><\/figure>\n\n\n\n<figure class=\"wp-block-video aligncenter\"><video height=\"1920\" style=\"aspect-ratio: 1080 \/ 1920;\" width=\"1080\" controls src=\"https:\/\/sttellla.be\/wp-content\/uploads\/2025\/09\/50ANS_OK_OUT_03.mp4\"><\/video><\/figure>\n\n\n\n<h2 class=\"wp-block-heading\">Concerts \u00e0 venir<\/h2>\n\n\n\n<p><\/p>\n\n\n\n<ul class=\"wp-block-list\">\n<li><strong>30 mai 26<\/strong> : <strong><strong>KOEKELBER<strong><strong>G<\/strong><\/strong><br><\/strong><\/strong>F\u00eate du Printemps &#8211; Parc Elisabeth<br>&#8211;&gt; <a href=\"https:\/\/www.koekelberg.be\/w\/modules\/inscriptions\/fete_printemps\/soiree_frontend.php?lgn=1\" data-type=\"link\" data-id=\"https:\/\/www.koekelberg.be\/w\/modules\/inscriptions\/fete_printemps\/soiree_frontend.php?lgn=1\" target=\"_blank\" rel=\"noreferrer noopener\">Infos et r\u00e9servation<\/a><\/li>\n\n\n\n<li><strong>07 juin 26<\/strong> <strong>\u00e0 17h<\/strong> : Le Forum de <strong><strong>LIEGE<\/strong><\/strong><br>&#8211;&gt; <a href=\"https:\/\/www.leforum.be\/spectacle_202606071700.html\" data-type=\"link\" data-id=\"https:\/\/www.leforum.be\/spectacle_202606071700.html\" target=\"_blank\" rel=\"noreferrer noopener\">Infos et r\u00e9servation<\/a><\/li>\n\n\n\n<li><strong>20 juin 26 : <strong><strong>\u00c9CAUSSINNES<\/strong><\/strong><\/strong><br>&#8211;> <a href=\"https:\/\/www.ecaussinnes.be\/ma-commune\/services-communaux\/culture\/evenements\/fete-musique\" data-type=\"link\" data-id=\"https:\/\/www.facebook.com\/events\/s\/fete-nationale-a-arlon\/26802157709391468\/\" target=\"_blank\" rel=\"noreferrer noopener\">Infos<\/a><\/li>\n\n\n\n<li><strong>18 juillet 26 : <strong><strong>ARLON<\/strong><\/strong><\/strong><br>&#8211;&gt; <a href=\"https:\/\/www.facebook.com\/events\/s\/fete-nationale-a-arlon\/26802157709391468\/\" data-type=\"link\" data-id=\"https:\/\/www.facebook.com\/events\/s\/fete-nationale-a-arlon\/26802157709391468\/\" target=\"_blank\" rel=\"noreferrer noopener\">Infos et r\u00e9servation<\/a><\/li>\n\n\n\n<li><strong>20 juillet 26 : <strong>NIVELLES<\/strong><\/strong><\/li>\n\n\n\n<li><strong>24 juillet 26 : Festival Les gens d&rsquo;<strong>ERE<\/strong><br>&#8211;&gt; <a href=\"https:\/\/shop.paylogic.com\/f21c4372ae82424892fe5021da942115\/\" data-type=\"link\" data-id=\"https:\/\/shop.paylogic.com\/f21c4372ae82424892fe5021da942115\/\" target=\"_blank\" rel=\"noreferrer noopener\">Infos et r\u00e9servation<\/a><\/strong><\/li>\n\n\n\n<li><strong>25 juillet 26 : Francofolies de <strong>SPA<\/strong> \u00e0 23h<\/strong><br>Sc\u00e8ne Du Parc<br>&#8211;&gt; <a href=\"https:\/\/www.francofolies.be\/artistes-infos\/sttellla\/\" data-type=\"link\" data-id=\"https:\/\/www.francofolies.be\/artistes-infos\/sttellla\/\" target=\"_blank\" rel=\"noreferrer noopener\">Infos et r\u00e9servation<\/a><\/li>\n\n\n\n<li><strong>09 ao\u00fbt 26 : <strong>SELANGE<\/strong><\/strong><\/li>\n\n\n\n<li><strong>16 ao\u00fbt 26 : \u00ab Le Pr\u00e9 Verre Festival \u00bb<\/strong> <strong><strong>QUEVY-LE-GRAND<\/strong><\/strong><br>&#8211;&gt; <a href=\"https:\/\/www.lepreverre.be\/\" data-type=\"link\" data-id=\"https:\/\/www.lepreverre.be\/\" target=\"_blank\" rel=\"noreferrer noopener\">Infos et r\u00e9servation<\/a><\/li>\n\n\n\n<li><strong>05 septembre 26<\/strong> : <strong><strong>WATHERMAL (GOUVY)<\/strong><\/strong><\/li>\n\n\n\n<li><strong>19 septembre 26<\/strong> <strong>\u00e0 20h<\/strong> : <strong><strong><strong><strong>DINANT<\/strong><\/strong><\/strong><\/strong><br>Centre culturel de Dinant &#8211; Salle Bayard &#8211; 5500 Dinant<br>&#8211;&gt; <a href=\"https:\/\/www.ccdinant.be\/posts\/sttellla\" data-type=\"link\" data-id=\"https:\/\/sales.resevents.be\/event\/1856\/tournee-royale-de-sttellla\" target=\"_blank\" rel=\"noreferrer noopener\">Infos et r\u00e9servation<\/a><\/li>\n\n\n\n<li><strong>21 octobre 26<\/strong> <strong>\u00e0 20h<\/strong> : <strong><strong><strong>WAVRE<\/strong><\/strong><\/strong><br>La Sucrerie<br>&#8211;&gt; <a href=\"https:\/\/lasucreriewavre.be\/agenda\/sttellla\" data-type=\"link\" data-id=\"https:\/\/lasucreriewavre.be\/agenda\/sttellla\" target=\"_blank\" rel=\"noreferrer noopener\">Infos et r\u00e9servation<\/a><\/li>\n\n\n\n<li><strong>24 octobre 26<\/strong> <strong>\u00e0 20h<\/strong> : <strong><strong>AUDERGHEM<\/strong><\/strong><br>Centre culturel d&rsquo;Auderghem &#8211; Bd. du Souverain 183, 1160 Auderghem<br>&#8211;&gt; <a href=\"https:\/\/sttellla.ccauderghem.2026.tickets.eventside.be\/selection\" data-type=\"link\" data-id=\"https:\/\/sales.resevents.be\/event\/1856\/tournee-royale-de-sttellla\" target=\"_blank\" rel=\"noreferrer noopener\">Infos et r\u00e9servation<\/a><\/li>\n\n\n\n<li><strong>26 novembre 26<\/strong> : <strong><strong>MONS<\/strong><\/strong><br>Th\u00e9\u00e2tre de Mons &#8211; Rue Neuve 1, 7000 Mons<br>&#8211;&gt; <a href=\"https:\/\/www.ticketmaster.be\/event\/1352092078\" data-type=\"link\" data-id=\"https:\/\/www.ticketmaster.be\/event\/1352092078\" target=\"_blank\" rel=\"noreferrer noopener\">Infos et r\u00e9servation<\/a><\/li>\n\n\n\n<li><strong>28 novembre 26<\/strong> : <strong><strong><strong>DOLHAIN<\/strong><\/strong><\/strong><br>Le Kursaal<br>&#8211;&gt; <a href=\"https:\/\/sales.resevents.be\/catalogue\/47-lions-club-limbourg-en-duche\" data-type=\"link\" data-id=\"https:\/\/sales.resevents.be\/catalogue\/47-lions-club-limbourg-en-duche\" target=\"_blank\" rel=\"noreferrer noopener\">Infos et r\u00e9servation<\/a><\/li>\n\n\n\n<li><strong>01 d\u00e9cembre 26<\/strong> <strong>\u00e0 20h<\/strong> : <strong><strong><strong>BASTOGNE<\/strong><\/strong><\/strong><br>Espace 23 Bastogne<br>&#8211;&gt; <a href=\"https:\/\/sttellla.bastogne.tickets.eventside.be\/selection\" data-type=\"link\" data-id=\"https:\/\/sttellla.bastogne.tickets.eventside.be\/selection\" target=\"_blank\" rel=\"noreferrer noopener\">Infos et r\u00e9servation<\/a><br><\/li>\n\n\n\n<li><strong>26 f\u00e9vrier 27 \u00e0 20h<\/strong> : <strong><strong>NAMUR<\/strong><\/strong><br>Le Delta<br>&#8211;&gt; <a href=\"https:\/\/sttellla.namur.delta.tickets.eventside.be\/selection\" data-type=\"link\" data-id=\"https:\/\/sttellla.namur.delta.tickets.eventside.be\/selection\" target=\"_blank\" rel=\"noreferrer noopener\">Infos et r\u00e9servation<\/a><\/li>\n<\/ul>\n\n\n\n<hr class=\"wp-block-separator has-alpha-channel-opacity is-style-wide\"\/>\n\n\n\n<h2 class=\"wp-block-heading\">Concerts pass\u00e9s<\/h2>\n\n\n\n<ul class=\"wp-block-list\">\n<li class=\"has-small-font-size\"><strong>21 novembre 25<\/strong> <strong>\u00e0 20h<\/strong> : <strong>Rochefort <mark style=\"background-color:rgba(0, 0, 0, 0)\" class=\"has-inline-color has-vivid-red-color\">\u00ab complet \u00bb<\/mark><\/strong> (Festival international du Rire de Rochefort)<br>Centre culturel des Roches &#8211; Rue de Behogne 5 \u00e0 5580 Rochefort<\/li>\n\n\n\n<li class=\"has-small-font-size\"><strong>05 d\u00e9cembre 25<\/strong> <strong>\u00e0 20h<\/strong> : <strong>Welkenraedt<\/strong><br>Centre culturel de Welkenraedt &#8211; Rue Gr\u00e9try 10 \u00e0 4840 Welkenraedt<\/li>\n\n\n\n<li class=\"has-small-font-size\"><strong>12 d\u00e9cembre 25<\/strong> <strong>\u00e0 20h<\/strong> : <strong>Virton<\/strong> <strong><mark style=\"background-color:rgba(0, 0, 0, 0)\" class=\"has-inline-color has-vivid-red-color\">\u00ab complet \u00bb<\/mark><\/strong><br>Complexe culturel de Virton &#8211; A la Cr Marchal 8 \u00e0 6760 Virton<\/li>\n\n\n\n<li class=\"has-small-font-size\"><strong>27 d\u00e9cembre 25<\/strong> <strong>\u00e0 20h<\/strong> : <strong>Bruxelles<\/strong> <strong><mark style=\"background-color:rgba(0, 0, 0, 0)\" class=\"has-inline-color has-vivid-red-color\">\u00ab complet \u00bb<\/mark><\/strong><br>AB &#8211; Boulevard Anspach 110 \u00e0 1000 Bruxelles<\/li>\n\n\n\n<li class=\"has-small-font-size\"><strong>17 janvier 26<\/strong> <strong>\u00e0 20h<\/strong> : <strong>Comines<\/strong><br>Salle des F\u00eates du coll\u00e8ge St Henri &#8211; Rue du Commerce 21 \u00e0 7780 Comines-Warneton<\/li>\n\n\n\n<li class=\"has-small-font-size\"><strong>26 janvier 26<\/strong> <strong>\u00e0 20h<\/strong> : <strong>Malmedy<\/strong><br>Salle la Fraternit\u00e9 &#8211; Place de la Fraternit\u00e9 2 \u00e0 4960 Malmedy<\/li>\n\n\n\n<li class=\"has-small-font-size\"><strong>04 avril 26<\/strong> <strong>\u00e0 20h<\/strong> : <strong>La Louvi\u00e8re<\/strong><br>Th\u00e9\u00e2tre de La Louvi\u00e8re &#8211; Place communale 22 \u00e0 7100 La Louvi\u00e8re<\/li>\n\n\n\n<li class=\"has-small-font-size\"><strong>05 avril 26<\/strong> <strong>\u00e0 20h<\/strong> : <strong>La Louvi\u00e8re <mark style=\"background-color:rgba(0, 0, 0, 0)\" class=\"has-inline-color has-vivid-red-color\">\u00ab Date doubl\u00e9e \u00bb<\/mark><\/strong><br>Th\u00e9\u00e2tre de La Louvi\u00e8re &#8211; Place communale 22 \u00e0 7100 La Louvi\u00e8re<\/li>\n\n\n\n<li class=\"has-small-font-size\"><strong>09 mai 26 : <strong>FRASNES-LEZ-BUISSENAL<\/strong><\/strong><br>Festival les Fourmis Dansent<\/li>\n<\/ul>\n","protected":false},"excerpt":{"rendered":"<p>Concerts \u00e0 venir Concerts pass\u00e9s<\/p>\n","protected":false},"author":3,"featured_media":0,"parent":0,"menu_order":0,"comment_status":"closed","ping_status":"closed","template":"","meta":{"_acf_changed":false,"footnotes":""},"categories":[],"class_list":["post-399","page","type-page","status-publish","hentry"],"acf":[],"_links":{"self":[{"href":"https:\/\/sttellla.be\/fr\/wp-json\/wp\/v2\/pages\/399","targetHints":{"allow":["GET"]}}],"collection":[{"href":"https:\/\/sttellla.be\/fr\/wp-json\/wp\/v2\/pages"}],"about":[{"href":"https:\/\/sttellla.be\/fr\/wp-json\/wp\/v2\/types\/page"}],"author":[{"embeddable":true,"href":"https:\/\/sttellla.be\/fr\/wp-json\/wp\/v2\/users\/3"}],"replies":[{"embeddable":true,"href":"https:\/\/sttellla.be\/fr\/wp-json\/wp\/v2\/comments?post=399"}],"version-history":[{"count":37,"href":"https:\/\/sttellla.be\/fr\/wp-json\/wp\/v2\/pages\/399\/revisions"}],"predecessor-version":[{"id":496,"href":"https:\/\/sttellla.be\/fr\/wp-json\/wp\/v2\/pages\/399\/revisions\/496"}],"wp:attachment":[{"href":"https:\/\/sttellla.be\/fr\/wp-json\/wp\/v2\/media?parent=399"}],"wp:term":[{"taxonomy":"category","embeddable":true,"href":"https:\/\/sttellla.be\/fr\/wp-json\/wp\/v2\/categories?post=399"}],"curies":[{"name":"wp","href":"https:\/\/api.w.org\/{rel}","templated":true}]}}